{"id":10,"date":"2024-05-04T05:05:42","date_gmt":"2024-05-04T05:05:42","guid":{"rendered":"https:\/\/polar-lux.com\/?page_id=10"},"modified":"2025-11-21T11:49:56","modified_gmt":"2025-11-21T11:49:56","slug":"shipping-returns","status":"publish","type":"page","link":"https:\/\/lifevac-canada.com\/de\/shipping-returns\/","title":{"rendered":"Versand und R\u00fcckgabe"},"content":{"rendered":"<div data-elementor-type=\"wp-page\" data-elementor-id=\"10\" class=\"elementor elementor-10\" data-elementor-post-type=\"page\">\n\t\t\t\t<div class=\"elementor-element elementor-element-2330709 e-flex e-con-boxed e-con e-parent\" data-id=\"2330709\" data-element_type=\"container\" data-settings=\"{&quot;background_background&quot;:&quot;classic&quot;}\">\n\t\t\t\t\t<div class=\"e-con-inner\">\n\t\t\t\t<div class=\"elementor-element elementor-element-e799487 elementor-widget elementor-widget-heading\" data-id=\"e799487\" data-element_type=\"widget\" data-widget_type=\"heading.default\">\n\t\t\t\t<div class=\"elementor-widget-container\">\n\t\t\t\t\t<h2 class=\"elementor-heading-title elementor-size-default\">Versand und R\u00fcckgabe<\/h2>\t\t\t\t<\/div>\n\t\t\t\t<\/div>\n\t\t\t\t\t<\/div>\n\t\t\t\t<\/div>\n\t\t<div class=\"elementor-element elementor-element-31791f91 e-flex e-con-boxed e-con e-parent\" data-id=\"31791f91\" data-element_type=\"container\">\n\t\t\t\t\t<div class=\"e-con-inner\">\n\t\t\t\t<div class=\"elementor-element elementor-element-1eeddbfd elementor-widget elementor-widget-text-editor\" data-id=\"1eeddbfd\" data-element_type=\"widget\" data-widget_type=\"text-editor.default\">\n\t\t\t\t<div class=\"elementor-widget-container\">\n\t\t\t\t\t\t\t\t\t<p><span><b>Allgemeine Leitlinien<\/b><\/span><\/p>\n<p><span>Wir akzeptieren R\u00fccksendungen innerhalb von 30 Tagen nach Lieferung. Um f\u00fcr eine R\u00fcckgabe in Frage zu kommen, m\u00fcssen die Artikel unbenutzt und in einem neuwertigen Zustand sein und die gesamte Originalverpackung enthalten. Bitte kontaktieren Sie uns unter info@lifevac-canada.com. und teilen Sie uns Ihre Bestellnummer und die Details der Artikel mit, die Sie zur\u00fcckgeben m\u00f6chten, bevor Sie etwas zur\u00fccksenden. Nicht autorisierte R\u00fccksendungen werden nicht akzeptiert.<\/span><\/p>\n<p><span><b>Sinneswandel<\/b><\/span><\/p>\n<p><span>Wenn Sie Ihre Meinung \u00fcber Ihren Kauf \u00e4ndern, k\u00f6nnen Sie den\/die Artikel innerhalb der 30-t\u00e4gigen R\u00fcckgabefrist zur\u00fcckgeben. Befolgen Sie das oben beschriebene allgemeine R\u00fcckgabeverfahren.<\/span><\/p>\n<p><span><b>Tauschb\u00f6rsen<\/b><\/span><\/p>\n<p><span>Wir bieten keinen direkten Umtausch an. Wenn Sie eine andere Farbe oder Gr\u00f6\u00dfe ben\u00f6tigen, senden Sie bitte den urspr\u00fcnglichen Artikel zur\u00fcck und geben Sie eine neue Bestellung f\u00fcr den gew\u00fcnschten Artikel auf.<\/span><\/p>\n<p><span><b>Falsche Produkte<\/b><\/span><\/p>\n<p><span>Wenn Sie einen falschen Artikel erhalten, kontaktieren Sie uns innerhalb von 5 Tagen nach der Lieferung mit Ihrer Bestellnummer, einer Beschreibung des falschen Artikels und einem Foto als Beweis. Wir werden Ihnen Anweisungen f\u00fcr die R\u00fccksendung geben und sicherstellen, dass der richtige Artikel ohne zus\u00e4tzliche Kosten versendet wird.<\/span><\/p>\n<p><span><b>Bei Ankunft besch\u00e4digte\/defekte Artikel<\/b><\/span><\/p>\n<p><span>Wenn ein Artikel besch\u00e4digt oder defekt ankommt, senden Sie uns innerhalb von 5 Tagen nach der Lieferung eine E-Mail mit einem Foto oder Video, auf dem das Problem deutlich zu erkennen ist, einer kurzen Beschreibung und Ihrer Bestellnummer. Wir werden einen Ersatz oder eine R\u00fcckerstattung veranlassen, nachdem wir das Problem gepr\u00fcft haben.<\/span><\/p>\n<p><span><b>Herstellungsfehler oder Bruch nach Gebrauch (Garantie)<\/b><\/span><\/p>\n<p><span>F\u00fcr unsere Produkte gilt eine Garantie auf Herstellungsfehler. Diese Garantie gilt nicht f\u00fcr normalen Verschlei\u00df, versehentliche Besch\u00e4digung, Missbrauch oder Vernachl\u00e4ssigung. Wenn Sie einen Fabrikationsfehler feststellen, kontaktieren Sie uns bitte unter Angabe des Problems und Ihrer Bestellnummer, um Unterst\u00fctzung zu erhalten.<\/span><\/p>\n<p><span><b>Bestellung kommt nie an<\/b><\/span><\/p>\n<p><span>Wenn Ihre Bestellung nicht angekommen ist, sind Reklamationen f\u00fcr fehlende Pakete innerhalb von 30 Tagen nach dem best\u00e4tigten Lieferdatum, das durch die Tracking-Nummer angezeigt wird, g\u00fcltig. Wenn das Paket als \u201czugestellt\u201d gekennzeichnet ist, Sie es aber nicht erhalten haben, setzen Sie sich bitte umgehend mit uns in Verbindung. Eine Bestellung, die mit mehr als 60 Tagen Versp\u00e4tung eintrifft, gilt als verloren, und wir bieten eine vollst\u00e4ndige R\u00fcckerstattung f\u00fcr \u201cverlorene Bestellungen\u201d. Wenn Sie glauben, dass Ihre Bestellung verloren gegangen ist, kontaktieren Sie uns unter info@lifevac-canada.com. und geben Sie Ihre Bestellnummer und Details an.<\/span><\/p>\n<p><span><b>Auftragsabwicklung und Versandzeiten<\/b><\/span><\/p>\n<p><span>Die Auftragsabwicklung kann bis zu 2 Werktage dauern. Die Versandzeiten liegen zwischen 3 und 21 Werktagen, abh\u00e4ngig von Ihrem Standort und der Versandart.<\/span><\/p>\n<p><span><b>Zeitrahmen f\u00fcr R\u00fccksendungen<\/b><\/span><\/p>\n<p><span>R\u00fccksendungen werden innerhalb von 30 Tagen ab dem Lieferdatum angenommen.<\/span><\/p>\n<p><span><b>Zeitpunkt der Erstattungen<\/b><\/span><\/p>\n<p><span>Sobald wir Ihr(e) zur\u00fcckgegebene(s) Produkt(e) erhalten und gepr\u00fcft haben, wird die R\u00fcckerstattung auf die urspr\u00fcngliche Zahlungsmethode ausgestellt. Bitte warten Sie bis zu 14 Werktage, bis die R\u00fcckerstattung auf Ihrem Kontoauszug erscheint.<\/span><\/p>\n<p><span><b>Initiierung einer R\u00fcckgabe<\/b><\/span><\/p>\n<p><span>Um eine R\u00fccksendung einzuleiten, senden Sie uns eine E-Mail an info@lifevac-canada.com. und geben Sie dabei Ihre Bestellnummer und die Details der Artikel an, die Sie zur\u00fcckgeben m\u00f6chten. Wir akzeptieren keine R\u00fccksendungen, die \u00fcber Telefonanrufe oder Kontaktformulare eingeleitet werden.<\/span><\/p>\n<p><span><b>Erforderliche Dokumente<\/b><\/span><\/p>\n<p><span>Legen Sie Ihrer R\u00fccksendung die Originalrechnung oder eine Notiz mit Ihrem vollst\u00e4ndigen Namen, Ihrer E-Mail-Adresse und Ihrer Bestellnummer bei. Bei besch\u00e4digten oder defekten Artikeln senden Sie uns eine E-Mail mit einem Foto oder Video, das das Problem deutlich zeigt.<\/span><\/p>\n<p><span><b>Bitte beachten<\/b><\/span><\/p>\n<p><span>Sie sind f\u00fcr die R\u00fccksendekosten verantwortlich, die nicht erstattungsf\u00e4hig sind. Vergewissern Sie sich, dass der Artikel sicher verpackt ist, um Sch\u00e4den w\u00e4hrend des Transports zu vermeiden.<\/span><\/p>\t\t\t\t\t\t\t\t<\/div>\n\t\t\t\t<\/div>\n\t\t\t\t\t<\/div>\n\t\t\t\t<\/div>\n\t\t\t\t<\/div>","protected":false},"excerpt":{"rendered":"<p>Versand und R\u00fccksendung Allgemeine Richtlinien Wir akzeptieren R\u00fccksendungen innerhalb von 30 Tagen nach Lieferung. Um f\u00fcr eine R\u00fccksendung in Frage zu kommen, m\u00fcssen die Artikel [...]<\/p>","protected":false},"author":1,"featured_media":0,"parent":0,"menu_order":0,"comment_status":"closed","ping_status":"closed","template":"elementor_header_footer","meta":{"inline_featured_image":false,"site-sidebar-layout":"default","site-content-layout":"","ast-site-content-layout":"full-width-container","site-content-style":"default","site-sidebar-style":"default","ast-global-header-display":"","ast-banner-title-visibility":"","ast-main-header-display":"","ast-hfb-above-header-display":"","ast-hfb-below-header-display":"","ast-hfb-mobile-header-display":"","site-post-title":"","ast-breadcrumbs-content":"","ast-featured-img":"","footer-sml-layout":"","theme-transparent-header-meta":"default","adv-header-id-meta":"","stick-header-meta":"","header-above-stick-meta":"","header-main-stick-meta":"","header-below-stick-meta":"","astra-migrate-meta-layouts":"set","ast-page-background-enabled":"default","ast-page-background-meta":{"desktop":{"background-color":"var(--ast-global-color-4)","background-image":"","background-repeat":"repeat","background-position":"center center","background-size":"auto","background-attachment":"scroll","background-type":"","background-media":"","overlay-type":"","overlay-color":"","overlay-gradient":""},"tablet":{"background-color":"","background-image":"","background-repeat":"repeat","background-position":"center center","background-size":"auto","background-attachment":"scroll","background-type":"","background-media":"","overlay-type":"","overlay-color":"","overlay-gradient":""},"mobile":{"background-color":"","background-image":"","background-repeat":"repeat","background-position":"center center","background-size":"auto","background-attachment":"scroll","background-type":"","background-media":"","overlay-type":"","overlay-color":"","overlay-gradient":""}},"ast-content-background-meta":{"desktop":{"background-color":"var(--ast-global-color-5)","background-image":"","background-repeat":"repeat","background-position":"center center","background-size":"auto","background-attachment":"scroll","background-type":"","background-media":"","overlay-type":"","overlay-color":"","overlay-gradient":""},"tablet":{"background-color":"var(--ast-global-color-5)","background-image":"","background-repeat":"repeat","background-position":"center center","background-size":"auto","background-attachment":"scroll","background-type":"","background-media":"","overlay-type":"","overlay-color":"","overlay-gradient":""},"mobile":{"background-color":"var(--ast-global-color-5)","background-image":"","background-repeat":"repeat","background-position":"center center","background-size":"auto","background-attachment":"scroll","background-type":"","background-media":"","overlay-type":"","overlay-color":"","overlay-gradient":""}},"footnotes":""},"_hostinger_reach_plugin_has_subscription_block":false,"_hostinger_reach_plugin_is_elementor":false,"_links":{"self":[{"href":"https:\/\/lifevac-canada.com\/de\/wp-json\/wp\/v2\/pages\/10"}],"collection":[{"href":"https:\/\/lifevac-canada.com\/de\/wp-json\/wp\/v2\/pages"}],"about":[{"href":"https:\/\/lifevac-canada.com\/de\/wp-json\/wp\/v2\/types\/page"}],"author":[{"embeddable":true,"href":"https:\/\/lifevac-canada.com\/de\/wp-json\/wp\/v2\/users\/1"}],"replies":[{"embeddable":true,"href":"https:\/\/lifevac-canada.com\/de\/wp-json\/wp\/v2\/comments?post=10"}],"version-history":[{"count":33,"href":"https:\/\/lifevac-canada.com\/de\/wp-json\/wp\/v2\/pages\/10\/revisions"}],"predecessor-version":[{"id":3842,"href":"https:\/\/lifevac-canada.com\/de\/wp-json\/wp\/v2\/pages\/10\/revisions\/3842"}],"wp:attachment":[{"href":"https:\/\/lifevac-canada.com\/de\/wp-json\/wp\/v2\/media?parent=10"}],"curies":[{"name":"wp","href":"https:\/\/api.w.org\/{rel}","templated":true}]}}