{"id":3,"date":"2024-04-28T17:55:32","date_gmt":"2024-04-28T17:55:32","guid":{"rendered":"https:\/\/polar-lux.com\/?page_id=3"},"modified":"2025-11-21T11:50:10","modified_gmt":"2025-11-21T11:50:10","slug":"privacy-policy","status":"publish","type":"page","link":"https:\/\/lifevac-canada.com\/de\/privacy-policy\/","title":{"rendered":"Datenschutzbestimmungen"},"content":{"rendered":"<div data-elementor-type=\"wp-page\" data-elementor-id=\"3\" class=\"elementor elementor-3\" data-elementor-post-type=\"page\">\n\t\t\t\t<div class=\"elementor-element elementor-element-2d1f6a1 e-flex e-con-boxed e-con e-parent\" data-id=\"2d1f6a1\" data-element_type=\"container\" data-settings=\"{&quot;background_background&quot;:&quot;classic&quot;}\">\n\t\t\t\t\t<div class=\"e-con-inner\">\n\t\t\t\t<div class=\"elementor-element elementor-element-130009b elementor-widget elementor-widget-heading\" data-id=\"130009b\" data-element_type=\"widget\" data-widget_type=\"heading.default\">\n\t\t\t\t<div class=\"elementor-widget-container\">\n\t\t\t\t\t<h2 class=\"elementor-heading-title elementor-size-default\">Datenschutzbestimmungen\n<\/h2>\t\t\t\t<\/div>\n\t\t\t\t<\/div>\n\t\t\t\t\t<\/div>\n\t\t\t\t<\/div>\n\t\t<div class=\"elementor-element elementor-element-673a868 e-flex e-con-boxed e-con e-parent\" data-id=\"673a868\" data-element_type=\"container\">\n\t\t\t\t\t<div class=\"e-con-inner\">\n\t\t\t\t<div class=\"elementor-element elementor-element-96abc0c elementor-widget elementor-widget-text-editor\" data-id=\"96abc0c\" data-element_type=\"widget\" data-widget_type=\"text-editor.default\">\n\t\t\t\t<div class=\"elementor-widget-container\">\n\t\t\t\t\t\t\t\t\t<p><span>In dieser Datenschutzrichtlinie wird erl\u00e4utert, wie Ihre pers\u00f6nlichen Daten gesammelt, verwendet und weitergegeben werden, wenn Sie lifevac-canada.com (die \u201cWebsite\u201d) besuchen oder dort einen Kauf t\u00e4tigen.<\/span><\/p>\n<p><span><b>Von uns gesammelte pers\u00f6nliche Informationen<\/b><\/span><\/p>\n<p><span>Wenn Sie die Website besuchen, erfassen wir automatisch bestimmte Informationen \u00fcber Ihr Ger\u00e4t, wie z. B. Ihren Webbrowser, Ihre IP-Adresse, Ihre Zeitzone und einige auf Ihrem Ger\u00e4t installierte Cookies. W\u00e4hrend Sie surfen, erfassen wir auch Daten \u00fcber die von Ihnen angezeigten Webseiten oder Produkte, \u00fcber Websites oder Suchbegriffe, die Sie auf die Website gef\u00fchrt haben, und dar\u00fcber, wie Sie mit der Website interagieren. Diese automatisch gesammelten Daten werden als \"Ger\u00e4teinformationen\" bezeichnet.<\/span><\/p>\n<p><span><b>Wir sammeln Ger\u00e4teinformationen durch:<\/b><\/span><\/p>\n<ul>\n<li><b><\/b><span><b>Log-Dateien:<\/b> Diese verfolgen die Aktionen auf der Website und erfassen Daten wie IP-Adresse, Browsertyp, Internetdienstanbieter, Verweis-\/Ausgangsseiten und Zeitstempel.<\/span><\/li>\n<li><b><\/b><span><b>Web-Beacons, Tags und Pixel:<\/b> Diese elektronischen Dateien verfolgen, wie Sie auf der Website navigieren.<\/span><\/li>\n<\/ul>\n<p><span>Wenn Sie auf der Website einen Kauf t\u00e4tigen oder versuchen, einen Kauf zu t\u00e4tigen, erfassen wir bestimmte Angaben von Ihnen, darunter Ihren Namen, Ihre Rechnungs- und Lieferadresse, Zahlungsinformationen (wie Kreditkartennummern), Ihre E-Mail-Adresse und Ihre Telefonnummer. Wir nennen dies \"Bestellinformationen\".<\/span><\/p>\n<p><span>In dieser Richtlinie umfasst der Begriff \"pers\u00f6nliche Informationen\" sowohl Ger\u00e4te- als auch Bestellinformationen.<\/span><\/p>\n<p><span><b>Wie wir Ihre pers\u00f6nlichen Informationen verwenden<\/b><\/span><\/p>\n<p><span>Wir verwenden die Bestellinformationen, um \u00fcber die Website get\u00e4tigte Bestellungen zu bearbeiten und auszuf\u00fchren, einschlie\u00dflich der Verwaltung Ihrer Zahlungsinformationen, der Organisation des Versands und des Versands von Rechnungen oder Auftragsbest\u00e4tigungen. Au\u00dferdem verwenden wir diese Informationen, um:<\/span><\/p>\n<ul>\n<li><span>Mit Ihnen kommunizieren<\/span><\/li>\n<li><span>Auftr\u00e4ge auf potenzielle Risiken oder Betrug pr\u00fcfen<\/span><\/li>\n<li><span>Ihnen Informationen oder Werbung \u00fcber unsere Produkte oder Dienstleistungen zukommen zu lassen, je nach Ihren Datenschutzpr\u00e4ferenzen<\/span><\/li>\n<\/ul>\n<p><span>Wir verwenden Ger\u00e4tedaten, um uns bei der Suche nach potenziellen Risiken und Betrug (insbesondere Ihre IP-Adresse) zu helfen und um unsere Website zu verbessern und zu optimieren. Dazu geh\u00f6rt die Erstellung von Analysen dar\u00fcber, wie unsere Kunden auf der Website navigieren und mit ihr interagieren, sowie die Bewertung des Erfolgs unserer Marketing- und Werbekampagnen.<\/span><\/p>\n<p><span><b>Weitergabe Ihrer pers\u00f6nlichen Informationen<\/b><\/span><\/p>\n<p><span>Wir geben Ihre pers\u00f6nlichen Informationen an Dritte weiter, die uns dabei helfen, Ihre Daten wie oben beschrieben zu verwenden. Zum Beispiel verwenden wir Google Analytics, um zu verstehen, wie unsere Kunden die Website nutzen. Sie k\u00f6nnen hier mehr dar\u00fcber erfahren, wie Google Ihre Daten verwendet: <a href=\"https:\/\/policies.google.com\/privacy?hl=en\"><span>Google-Datenschutzbestimmungen<\/span><\/a>. Um Google Analytics zu deaktivieren, besuchen Sie diese Seite: <a href=\"https:\/\/tools.google.com\/dlpage\/gaoptout\"><span>Google Analytics-Abmeldung<\/span><\/a>.<\/span><\/p>\n<p><span>Wir k\u00f6nnen Ihre pers\u00f6nlichen Daten auch weitergeben, um rechtlichen Verpflichtungen nachzukommen, auf rechtliche Anfragen zu reagieren oder unsere Rechte zu sch\u00fctzen.<\/span><\/p>\n<p><span><b>Verhaltensbasierte Werbung<\/b><\/span><\/p>\n<p><span>Wie bereits erw\u00e4hnt, verwenden wir Ihre pers\u00f6nlichen Daten, um Ihnen gezielte Werbung oder Marketingmitteilungen zukommen zu lassen, von denen wir glauben, dass sie Sie interessieren k\u00f6nnten. Weitere Informationen dar\u00fcber, wie gezielte Werbung funktioniert, finden Sie auf der Website der Network Advertising Initiative <a href=\"http:\/\/www.networkadvertising.org\/understanding-online-advertising\/how-does-it-work\"><span>Bildungsseite<\/span><\/a>.<\/span><\/p>\n<p><span><b>Um gezielte Werbung abzulehnen:<\/b><\/span><\/p>\n<ul>\n<li><b><\/b><span><b>Facebook:<\/b> <a href=\"https:\/\/www.facebook.com\/settings\/?tab=ads\"><span>Anzeigenpr\u00e4ferenzen<\/span><\/a><\/span><\/li>\n<li><b><\/b><span><b>Google:<\/b> <a href=\"https:\/\/www.google.com\/settings\/ads\/anonymous\"><span>Anzeigeneinstellungen<\/span><\/a><\/span><\/li>\n<li><b><\/b><span><b>Bing:<\/b> <a href=\"https:\/\/advertise.bingads.microsoft.com\/en-us\/resources\/policies\/personalized-ads\"><span>Personalisierte Anzeigen<\/span><\/a><\/span><\/li>\n<\/ul>\n<p><span>Sie k\u00f6nnen sich auch \u00fcber die Website der Digital Advertising Alliance abmelden. <a href=\"http:\/\/optout.aboutads.info\/\"><span>Opt-out-Portal<\/span><\/a>.<\/span><\/p>\n<p><span><b>Nicht verfolgen<\/b><\/span><\/p>\n<p><span>Wir \u00e4ndern die Datenerfassungs- und -verwendungspraktiken unserer Website nicht, wenn wir ein \"Do Not Track\"-Signal von Ihrem Browser erkennen.<\/span><\/p>\n<p><span><b>Ihre Rechte<\/b><\/span><\/p>\n<p><span>Wenn Sie in Europa ans\u00e4ssig sind, haben Sie das Recht, die von uns gespeicherten personenbezogenen Daten einzusehen, zu korrigieren, zu aktualisieren oder zu l\u00f6schen. Um diese Rechte auszu\u00fcben, kontaktieren Sie uns bitte unter den unten angegebenen Kontaktdaten.<\/span><\/p>\n<p><span>Wenn Sie in Europa ans\u00e4ssig sind, verarbeiten wir Ihre Daten au\u00dferdem zur Erf\u00fcllung von Vertr\u00e4gen, die wir mit Ihnen geschlossen haben (z. B. wenn Sie eine Bestellung \u00fcber die Website aufgeben), oder zur Verfolgung unserer berechtigten Gesch\u00e4ftsinteressen. Beachten Sie, dass Ihre Daten au\u00dferhalb Europas, einschlie\u00dflich Kanada und den Vereinigten Staaten, \u00fcbermittelt werden.<\/span><\/p>\n<p><span><b>Aufbewahrung von Daten<\/b><\/span><\/p>\n<p><span>Wir bewahren Ihre Bestellinformationen f\u00fcr unsere Unterlagen auf, bis Sie uns bitten, sie zu l\u00f6schen.<\/span><\/p>\n<p><span><b>\u00c4nderungen<\/b><\/span><\/p>\n<p><span>Wir sind berechtigt, diese Datenschutzrichtlinie regelm\u00e4\u00dfig zu aktualisieren, um \u00c4nderungen unserer Praktiken oder andere betriebliche, rechtliche oder regulatorische Gr\u00fcnde zu ber\u00fccksichtigen.<\/span><\/p>\n<p><span><b>Kontakt<\/b><\/span><\/p>\n<p><span>F\u00fcr weitere Informationen \u00fcber unsere Datenschutzpraktiken, Fragen oder Beschwerden, kontaktieren Sie uns bitte per E-Mail unter info@<\/span>lifevac-canada.com.<\/p>\t\t\t\t\t\t\t\t<\/div>\n\t\t\t\t<\/div>\n\t\t\t\t\t<\/div>\n\t\t\t\t<\/div>\n\t\t\t\t<\/div>","protected":false},"excerpt":{"rendered":"<p>Datenschutzerkl\u00e4rung In dieser Datenschutzerkl\u00e4rung wird erl\u00e4utert, wie Ihre pers\u00f6nlichen Daten erfasst, verwendet und weitergegeben werden, wenn Sie [...]<\/p>","protected":false},"author":1,"featured_media":0,"parent":0,"menu_order":0,"comment_status":"closed","ping_status":"closed","template":"","meta":{"inline_featured_image":false,"site-sidebar-layout":"default","site-content-layout":"","ast-site-content-layout":"full-width-container","site-content-style":"default","site-sidebar-style":"default","ast-global-header-display":"","ast-banner-title-visibility":"","ast-main-header-display":"","ast-hfb-above-header-display":"","ast-hfb-below-header-display":"","ast-hfb-mobile-header-display":"","site-post-title":"","ast-breadcrumbs-content":"","ast-featured-img":"","footer-sml-layout":"","theme-transparent-header-meta":"default","adv-header-id-meta":"","stick-header-meta":"","header-above-stick-meta":"","header-main-stick-meta":"","header-below-stick-meta":"","astra-migrate-meta-layouts":"set","ast-page-background-enabled":"default","ast-page-background-meta":{"desktop":{"background-color":"var(--ast-global-color-4)","background-image":"","background-repeat":"repeat","background-position":"center center","background-size":"auto","background-attachment":"scroll","background-type":"","background-media":"","overlay-type":"","overlay-color":"","overlay-gradient":""},"tablet":{"background-color":"","background-image":"","background-repeat":"repeat","background-position":"center center","background-size":"auto","background-attachment":"scroll","background-type":"","background-media":"","overlay-type":"","overlay-color":"","overlay-gradient":""},"mobile":{"background-color":"","background-image":"","background-repeat":"repeat","background-position":"center center","background-size":"auto","background-attachment":"scroll","background-type":"","background-media":"","overlay-type":"","overlay-color":"","overlay-gradient":""}},"ast-content-background-meta":{"desktop":{"background-color":"var(--ast-global-color-5)","background-image":"","background-repeat":"repeat","background-position":"center center","background-size":"auto","background-attachment":"scroll","background-type":"","background-media":"","overlay-type":"","overlay-color":"","overlay-gradient":""},"tablet":{"background-color":"var(--ast-global-color-5)","background-image":"","background-repeat":"repeat","background-position":"center center","background-size":"auto","background-attachment":"scroll","background-type":"","background-media":"","overlay-type":"","overlay-color":"","overlay-gradient":""},"mobile":{"background-color":"var(--ast-global-color-5)","background-image":"","background-repeat":"repeat","background-position":"center center","background-size":"auto","background-attachment":"scroll","background-type":"","background-media":"","overlay-type":"","overlay-color":"","overlay-gradient":""}},"footnotes":""},"_hostinger_reach_plugin_has_subscription_block":false,"_hostinger_reach_plugin_is_elementor":false,"_links":{"self":[{"href":"https:\/\/lifevac-canada.com\/de\/wp-json\/wp\/v2\/pages\/3"}],"collection":[{"href":"https:\/\/lifevac-canada.com\/de\/wp-json\/wp\/v2\/pages"}],"about":[{"href":"https:\/\/lifevac-canada.com\/de\/wp-json\/wp\/v2\/types\/page"}],"author":[{"embeddable":true,"href":"https:\/\/lifevac-canada.com\/de\/wp-json\/wp\/v2\/users\/1"}],"replies":[{"embeddable":true,"href":"https:\/\/lifevac-canada.com\/de\/wp-json\/wp\/v2\/comments?post=3"}],"version-history":[{"count":33,"href":"https:\/\/lifevac-canada.com\/de\/wp-json\/wp\/v2\/pages\/3\/revisions"}],"predecessor-version":[{"id":3845,"href":"https:\/\/lifevac-canada.com\/de\/wp-json\/wp\/v2\/pages\/3\/revisions\/3845"}],"wp:attachment":[{"href":"https:\/\/lifevac-canada.com\/de\/wp-json\/wp\/v2\/media?parent=3"}],"curies":[{"name":"wp","href":"https:\/\/api.w.org\/{rel}","templated":true}]}}