{"id":10,"date":"2024-05-04T05:05:42","date_gmt":"2024-05-04T05:05:42","guid":{"rendered":"https:\/\/polar-lux.com\/?page_id=10"},"modified":"2025-11-21T11:49:56","modified_gmt":"2025-11-21T11:49:56","slug":"shipping-returns","status":"publish","type":"page","link":"https:\/\/lifevac-canada.com\/es\/shipping-returns\/","title":{"rendered":"Env\u00edos y devoluciones"},"content":{"rendered":"<div data-elementor-type=\"wp-page\" data-elementor-id=\"10\" class=\"elementor elementor-10\" data-elementor-post-type=\"page\">\n\t\t\t\t<div class=\"elementor-element elementor-element-2330709 e-flex e-con-boxed e-con e-parent\" data-id=\"2330709\" data-element_type=\"container\" data-settings=\"{&quot;background_background&quot;:&quot;classic&quot;}\">\n\t\t\t\t\t<div class=\"e-con-inner\">\n\t\t\t\t<div class=\"elementor-element elementor-element-e799487 elementor-widget elementor-widget-heading\" data-id=\"e799487\" data-element_type=\"widget\" data-widget_type=\"heading.default\">\n\t\t\t\t<div class=\"elementor-widget-container\">\n\t\t\t\t\t<h2 class=\"elementor-heading-title elementor-size-default\">Env\u00edos y devoluciones<\/h2>\t\t\t\t<\/div>\n\t\t\t\t<\/div>\n\t\t\t\t\t<\/div>\n\t\t\t\t<\/div>\n\t\t<div class=\"elementor-element elementor-element-31791f91 e-flex e-con-boxed e-con e-parent\" data-id=\"31791f91\" data-element_type=\"container\">\n\t\t\t\t\t<div class=\"e-con-inner\">\n\t\t\t\t<div class=\"elementor-element elementor-element-1eeddbfd elementor-widget elementor-widget-text-editor\" data-id=\"1eeddbfd\" data-element_type=\"widget\" data-widget_type=\"text-editor.default\">\n\t\t\t\t<div class=\"elementor-widget-container\">\n\t\t\t\t\t\t\t\t\t<p><span><b>Directrices generales<\/b><\/span><\/p>\n<p><span>Aceptamos devoluciones dentro de los 30 d\u00edas siguientes a la entrega. Para poder realizar una devoluci\u00f3n, los art\u00edculos deben estar sin usar, en perfectas condiciones e incluir todo el embalaje original. P\u00f3ngase en contacto con nosotros en info@lifevac-canada.com. con su n\u00famero de pedido y los detalles de los art\u00edculos que desea devolver antes de enviar nada de vuelta. No se aceptar\u00e1n devoluciones no autorizadas.<\/span><\/p>\n<p><span><b>Cambio de mentalidad<\/b><\/span><\/p>\n<p><span>Si cambia de opini\u00f3n sobre su compra, puede devolver los art\u00edculos dentro del plazo de devoluci\u00f3n de 30 d\u00edas. Siga el procedimiento general de devoluci\u00f3n descrito anteriormente.<\/span><\/p>\n<p><span><b>Intercambios<\/b><\/span><\/p>\n<p><span>No ofrecemos cambios directos. Si necesita otro color o talla, devuelva el art\u00edculo original y realice un nuevo pedido del art\u00edculo deseado.<\/span><\/p>\n<p><span><b>Productos incorrectos<\/b><\/span><\/p>\n<p><span>Si recibe un art\u00edculo incorrecto, p\u00f3ngase en contacto con nosotros en los 5 d\u00edas siguientes a la entrega indicando su n\u00famero de pedido, una descripci\u00f3n del art\u00edculo incorrecto y una foto como prueba. Le proporcionaremos instrucciones de devoluci\u00f3n y nos aseguraremos de que se env\u00ede el art\u00edculo correcto sin coste adicional.<\/span><\/p>\n<p><span><b>Art\u00edculos da\u00f1ados\/defectuosos a la llegada<\/b><\/span><\/p>\n<p><span>Si un art\u00edculo llega da\u00f1ado o defectuoso, env\u00edenos un correo electr\u00f3nico en los 5 d\u00edas siguientes a la entrega con una foto o v\u00eddeo que muestre claramente el problema, una breve descripci\u00f3n y su n\u00famero de pedido. Tras revisar el problema, nos encargaremos de sustituir el art\u00edculo o de reembolsarte el importe abonado.<\/span><\/p>\n<p><span><b>Defectos de fabricaci\u00f3n o roturas tras el uso (garant\u00eda)<\/b><\/span><\/p>\n<p><span>Nuestros productos est\u00e1n garantizados contra defectos de fabricaci\u00f3n. Esta garant\u00eda no cubre el desgaste normal, los da\u00f1os accidentales, el mal uso o la negligencia. Si descubre un defecto de fabricaci\u00f3n, p\u00f3ngase en contacto con nosotros con los detalles del problema y su n\u00famero de pedido para obtener asistencia.<\/span><\/p>\n<p><span><b>El pedido nunca llega<\/b><\/span><\/p>\n<p><span>Si su pedido no ha llegado, las reclamaciones por paquetes perdidos son v\u00e1lidas en un plazo de 30 d\u00edas a partir de la fecha de entrega confirmada que indica el n\u00famero de seguimiento. Si el paquete est\u00e1 marcado como \u201centregado\u201d pero no lo ha recibido, p\u00f3ngase en contacto con nosotros inmediatamente para solicitar ayuda. Un pedido que llega con m\u00e1s de 60 d\u00edas de retraso se considera perdido, y ofrecemos un reembolso completo para \u201cpedidos perdidos\u201d. P\u00f3ngase en contacto con nosotros en info@lifevac-canada.com. con su n\u00famero de pedido y detalles si cree que su pedido se ha perdido.<\/span><\/p>\n<p><span><b>Cumplimiento de los plazos de pedido y env\u00edo<\/b><\/span><\/p>\n<p><span>La tramitaci\u00f3n del pedido puede tardar hasta 2 d\u00edas laborables. Los plazos de env\u00edo oscilan entre 3 y 21 d\u00edas laborables, en funci\u00f3n de la ubicaci\u00f3n y el m\u00e9todo de env\u00edo.<\/span><\/p>\n<p><span><b>Plazo de devoluci\u00f3n<\/b><\/span><\/p>\n<p><span>Se aceptan devoluciones en un plazo de 30 d\u00edas a partir de la fecha de entrega.<\/span><\/p>\n<p><span><b>Plazos de devoluci\u00f3n<\/b><\/span><\/p>\n<p><span>Una vez que recibamos e inspeccionemos los productos devueltos, el reembolso se efectuar\u00e1 mediante el m\u00e9todo de pago original. Por favor, espere hasta 14 d\u00edas h\u00e1biles para que el reembolso aparezca en su estado de cuenta.<\/span><\/p>\n<p><span><b>Iniciar una devoluci\u00f3n<\/b><\/span><\/p>\n<p><span>Para iniciar una devoluci\u00f3n, env\u00edenos un correo electr\u00f3nico a info@lifevac-canada.com. con su n\u00famero de pedido y los detalles de los art\u00edculos que desea devolver. No aceptamos devoluciones iniciadas a trav\u00e9s de llamadas telef\u00f3nicas o formularios de contacto.<\/span><\/p>\n<p><span><b>Documentos necesarios<\/b><\/span><\/p>\n<p><span>Incluya la factura original o una nota con su nombre completo, direcci\u00f3n de correo electr\u00f3nico y n\u00famero de pedido en el paquete de devoluci\u00f3n. Para art\u00edculos da\u00f1ados o defectuosos, env\u00edanos un correo electr\u00f3nico con una foto o un v\u00eddeo que muestre claramente el problema.<\/span><\/p>\n<p><span><b>Atenci\u00f3n<\/b><\/span><\/p>\n<p><span>Usted es responsable de los gastos de env\u00edo de la devoluci\u00f3n, que no son reembolsables. Aseg\u00farese de que el art\u00edculo est\u00e1 bien embalado para evitar da\u00f1os durante el transporte.<\/span><\/p>\t\t\t\t\t\t\t\t<\/div>\n\t\t\t\t<\/div>\n\t\t\t\t\t<\/div>\n\t\t\t\t<\/div>\n\t\t\t\t<\/div>","protected":false},"excerpt":{"rendered":"<p>Env\u00edos y devoluciones Directrices generales Aceptamos devoluciones dentro de los 30 d\u00edas siguientes a la entrega. Para poder optar a una devoluci\u00f3n, los art\u00edculos [...]<\/p>","protected":false},"author":1,"featured_media":0,"parent":0,"menu_order":0,"comment_status":"closed","ping_status":"closed","template":"elementor_header_footer","meta":{"inline_featured_image":false,"site-sidebar-layout":"default","site-content-layout":"","ast-site-content-layout":"full-width-container","site-content-style":"default","site-sidebar-style":"default","ast-global-header-display":"","ast-banner-title-visibility":"","ast-main-header-display":"","ast-hfb-above-header-display":"","ast-hfb-below-header-display":"","ast-hfb-mobile-header-display":"","site-post-title":"","ast-breadcrumbs-content":"","ast-featured-img":"","footer-sml-layout":"","theme-transparent-header-meta":"default","adv-header-id-meta":"","stick-header-meta":"","header-above-stick-meta":"","header-main-stick-meta":"","header-below-stick-meta":"","astra-migrate-meta-layouts":"set","ast-page-background-enabled":"default","ast-page-background-meta":{"desktop":{"background-color":"var(--ast-global-color-4)","background-image":"","background-repeat":"repeat","background-position":"center center","background-size":"auto","background-attachment":"scroll","background-type":"","background-media":"","overlay-type":"","overlay-color":"","overlay-gradient":""},"tablet":{"background-color":"","background-image":"","background-repeat":"repeat","background-position":"center center","background-size":"auto","background-attachment":"scroll","background-type":"","background-media":"","overlay-type":"","overlay-color":"","overlay-gradient":""},"mobile":{"background-color":"","background-image":"","background-repeat":"repeat","background-position":"center center","background-size":"auto","background-attachment":"scroll","background-type":"","background-media":"","overlay-type":"","overlay-color":"","overlay-gradient":""}},"ast-content-background-meta":{"desktop":{"background-color":"var(--ast-global-color-5)","background-image":"","background-repeat":"repeat","background-position":"center center","background-size":"auto","background-attachment":"scroll","background-type":"","background-media":"","overlay-type":"","overlay-color":"","overlay-gradient":""},"tablet":{"background-color":"var(--ast-global-color-5)","background-image":"","background-repeat":"repeat","background-position":"center center","background-size":"auto","background-attachment":"scroll","background-type":"","background-media":"","overlay-type":"","overlay-color":"","overlay-gradient":""},"mobile":{"background-color":"var(--ast-global-color-5)","background-image":"","background-repeat":"repeat","background-position":"center center","background-size":"auto","background-attachment":"scroll","background-type":"","background-media":"","overlay-type":"","overlay-color":"","overlay-gradient":""}},"footnotes":""},"_hostinger_reach_plugin_has_subscription_block":false,"_hostinger_reach_plugin_is_elementor":false,"_links":{"self":[{"href":"https:\/\/lifevac-canada.com\/es\/wp-json\/wp\/v2\/pages\/10"}],"collection":[{"href":"https:\/\/lifevac-canada.com\/es\/wp-json\/wp\/v2\/pages"}],"about":[{"href":"https:\/\/lifevac-canada.com\/es\/wp-json\/wp\/v2\/types\/page"}],"author":[{"embeddable":true,"href":"https:\/\/lifevac-canada.com\/es\/wp-json\/wp\/v2\/users\/1"}],"replies":[{"embeddable":true,"href":"https:\/\/lifevac-canada.com\/es\/wp-json\/wp\/v2\/comments?post=10"}],"version-history":[{"count":33,"href":"https:\/\/lifevac-canada.com\/es\/wp-json\/wp\/v2\/pages\/10\/revisions"}],"predecessor-version":[{"id":3842,"href":"https:\/\/lifevac-canada.com\/es\/wp-json\/wp\/v2\/pages\/10\/revisions\/3842"}],"wp:attachment":[{"href":"https:\/\/lifevac-canada.com\/es\/wp-json\/wp\/v2\/media?parent=10"}],"curies":[{"name":"wp","href":"https:\/\/api.w.org\/{rel}","templated":true}]}}