{"id":3,"date":"2024-04-28T17:55:32","date_gmt":"2024-04-28T17:55:32","guid":{"rendered":"https:\/\/polar-lux.com\/?page_id=3"},"modified":"2025-11-21T11:50:10","modified_gmt":"2025-11-21T11:50:10","slug":"privacy-policy","status":"publish","type":"page","link":"https:\/\/lifevac-canada.com\/es\/privacy-policy\/","title":{"rendered":"Pol\u00edtica de privacidad"},"content":{"rendered":"<div data-elementor-type=\"wp-page\" data-elementor-id=\"3\" class=\"elementor elementor-3\" data-elementor-post-type=\"page\">\n\t\t\t\t<div class=\"elementor-element elementor-element-2d1f6a1 e-flex e-con-boxed e-con e-parent\" data-id=\"2d1f6a1\" data-element_type=\"container\" data-settings=\"{&quot;background_background&quot;:&quot;classic&quot;}\">\n\t\t\t\t\t<div class=\"e-con-inner\">\n\t\t\t\t<div class=\"elementor-element elementor-element-130009b elementor-widget elementor-widget-heading\" data-id=\"130009b\" data-element_type=\"widget\" data-widget_type=\"heading.default\">\n\t\t\t\t<div class=\"elementor-widget-container\">\n\t\t\t\t\t<h2 class=\"elementor-heading-title elementor-size-default\">Pol\u00edtica de privacidad\n<\/h2>\t\t\t\t<\/div>\n\t\t\t\t<\/div>\n\t\t\t\t\t<\/div>\n\t\t\t\t<\/div>\n\t\t<div class=\"elementor-element elementor-element-673a868 e-flex e-con-boxed e-con e-parent\" data-id=\"673a868\" data-element_type=\"container\">\n\t\t\t\t\t<div class=\"e-con-inner\">\n\t\t\t\t<div class=\"elementor-element elementor-element-96abc0c elementor-widget elementor-widget-text-editor\" data-id=\"96abc0c\" data-element_type=\"widget\" data-widget_type=\"text-editor.default\">\n\t\t\t\t<div class=\"elementor-widget-container\">\n\t\t\t\t\t\t\t\t\t<p><span>La presente Pol\u00edtica de Privacidad explica c\u00f3mo se recoge, utiliza y comparte su informaci\u00f3n personal cuando visita o realiza una compra en lifevac-canada.com (el \u201cSitio Web\u201d).<\/span><\/p>\n<p><span><b>Informaci\u00f3n personal que recopilamos<\/b><\/span><\/p>\n<p><span>Cuando visita el Sitio Web, recopilamos autom\u00e1ticamente cierta informaci\u00f3n sobre su dispositivo, como su navegador web, direcci\u00f3n IP, zona horaria y algunas cookies instaladas en su dispositivo. Mientras navega, tambi\u00e9n recopilamos datos sobre las p\u00e1ginas web o los productos que ve, los sitios web o los t\u00e9rminos de b\u00fasqueda que le llevaron al Sitio web y c\u00f3mo interact\u00faa con el Sitio web. Estos datos recopilados autom\u00e1ticamente se denominan \"Informaci\u00f3n del dispositivo\".<\/span><\/p>\n<p><span><b>Recopilamos informaci\u00f3n sobre dispositivos a trav\u00e9s de:<\/b><\/span><\/p>\n<ul>\n<li><b><\/b><span><b>Archivos de registro:<\/b> Realizan un seguimiento de las acciones en el sitio web y recogen datos como la direcci\u00f3n IP, el tipo de navegador, el proveedor de servicios de Internet, las p\u00e1ginas de referencia\/salida y las marcas de tiempo.<\/span><\/li>\n<li><b><\/b><span><b>Balizas web, etiquetas y p\u00edxeles:<\/b> Estos archivos electr\u00f3nicos rastrean su navegaci\u00f3n por el sitio web.<\/span><\/li>\n<\/ul>\n<p><span>Cuando realiza o intenta realizar una compra en el Sitio Web, recopilamos determinados datos suyos, como su nombre, direcciones de facturaci\u00f3n y env\u00edo, informaci\u00f3n de pago (como n\u00fameros de tarjetas de cr\u00e9dito), direcci\u00f3n de correo electr\u00f3nico y n\u00famero de tel\u00e9fono. A esto lo llamamos \"Informaci\u00f3n del pedido\".<\/span><\/p>\n<p><span>En esta pol\u00edtica, \"informaci\u00f3n personal\" engloba tanto la Informaci\u00f3n del Dispositivo como la Informaci\u00f3n del Pedido.<\/span><\/p>\n<p><span><b>C\u00f3mo utilizamos su informaci\u00f3n personal<\/b><\/span><\/p>\n<p><span>Utilizamos la Informaci\u00f3n del Pedido para procesar y cumplir los pedidos realizados a trav\u00e9s del Sitio Web, incluida la gesti\u00f3n de su informaci\u00f3n de pago, la organizaci\u00f3n del env\u00edo y el env\u00edo de facturas o confirmaciones de pedido. Adem\u00e1s, utilizamos esta informaci\u00f3n para:<\/span><\/p>\n<ul>\n<li><span>Comunicarse con usted<\/span><\/li>\n<li><span>Examinar los pedidos para detectar posibles riesgos o fraudes<\/span><\/li>\n<li><span>Proporcionarle informaci\u00f3n o publicidad sobre nuestros productos o servicios, de acuerdo con sus preferencias de privacidad.<\/span><\/li>\n<\/ul>\n<p><span>Utilizamos la informaci\u00f3n sobre dispositivos para detectar posibles riesgos y fraudes (en particular, su direcci\u00f3n IP) y para mejorar y optimizar nuestro sitio web. Esto incluye la generaci\u00f3n de an\u00e1lisis sobre c\u00f3mo nuestros clientes navegan e interact\u00faan con el sitio web y la evaluaci\u00f3n del \u00e9xito de nuestras campa\u00f1as de marketing y publicidad.<\/span><\/p>\n<p><span><b>Compartir su informaci\u00f3n personal<\/b><\/span><\/p>\n<p><span>Compartimos su informaci\u00f3n personal con terceros para que nos ayuden a utilizar sus datos seg\u00fan lo descrito anteriormente. Por ejemplo, utilizamos Google Analytics para comprender c\u00f3mo utilizan nuestros clientes el sitio web. Puede obtener m\u00e1s informaci\u00f3n sobre c\u00f3mo Google utiliza sus datos aqu\u00ed: <a href=\"https:\/\/policies.google.com\/privacy?hl=en\"><span>Pol\u00edtica de privacidad de Google<\/span><\/a>. Para darse de baja de Google Analytics, visite: <a href=\"https:\/\/tools.google.com\/dlpage\/gaoptout\"><span>Inhabilitaci\u00f3n de Google Analytics<\/span><\/a>.<\/span><\/p>\n<p><span>Tambi\u00e9n podemos compartir su informaci\u00f3n personal para cumplir con obligaciones legales, responder a solicitudes legales o proteger nuestros derechos.<\/span><\/p>\n<p><span><b>Publicidad comportamental<\/b><\/span><\/p>\n<p><span>Como ya se ha indicado, utilizamos su informaci\u00f3n personal para enviarle publicidad dirigida o comunicaciones de marketing que creemos que pueden interesarle. Para m\u00e1s informaci\u00f3n sobre el funcionamiento de la publicidad dirigida, visite la p\u00e1gina de la Network Advertising Initiative <a href=\"http:\/\/www.networkadvertising.org\/understanding-online-advertising\/how-does-it-work\"><span>p\u00e1gina educativa<\/span><\/a>.<\/span><\/p>\n<p><span><b>Para rechazar la publicidad dirigida:<\/b><\/span><\/p>\n<ul>\n<li><b><\/b><span><b>Facebook:<\/b> <a href=\"https:\/\/www.facebook.com\/settings\/?tab=ads\"><span>Preferencias de anuncios<\/span><\/a><\/span><\/li>\n<li><b><\/b><span><b>Google:<\/b> <a href=\"https:\/\/www.google.com\/settings\/ads\/anonymous\"><span>Configuraci\u00f3n de anuncios<\/span><\/a><\/span><\/li>\n<li><b><\/b><span><b>Bing:<\/b> <a href=\"https:\/\/advertise.bingads.microsoft.com\/en-us\/resources\/policies\/personalized-ads\"><span>Anuncios personalizados<\/span><\/a><\/span><\/li>\n<\/ul>\n<p><span>Tambi\u00e9n puede darse de baja a trav\u00e9s de la p\u00e1gina de la Digital Advertising Alliance <a href=\"http:\/\/optout.aboutads.info\/\"><span>portal de exclusi\u00f3n<\/span><\/a>.<\/span><\/p>\n<p><span><b>No rastrear<\/b><\/span><\/p>\n<p><span>No alteramos las pr\u00e1cticas de recopilaci\u00f3n y uso de datos de nuestro sitio web cuando detectamos una se\u00f1al Do Not Track de su navegador.<\/span><\/p>\n<p><span><b>Sus derechos<\/b><\/span><\/p>\n<p><span>Si reside en Europa, tiene derecho a acceder, rectificar, actualizar o suprimir los datos personales que tenemos sobre usted. Para ejercer estos derechos, p\u00f3ngase en contacto con nosotros utilizando los datos que figuran a continuaci\u00f3n.<\/span><\/p>\n<p><span>Adem\u00e1s, si usted es residente europeo, tratamos su informaci\u00f3n para cumplir los contratos que podamos tener con usted (por ejemplo, si realiza un pedido a trav\u00e9s del sitio web) o para perseguir nuestros leg\u00edtimos intereses comerciales. Tenga en cuenta que su informaci\u00f3n se transferir\u00e1 fuera de Europa, incluso a Canad\u00e1 y Estados Unidos.<\/span><\/p>\n<p><span><b>Conservaci\u00f3n de datos<\/b><\/span><\/p>\n<p><span>Conservamos la informaci\u00f3n de su pedido en nuestros registros a menos que nos pida que la eliminemos.<\/span><\/p>\n<p><span><b>Cambios<\/b><\/span><\/p>\n<p><span>Podemos actualizar esta Pol\u00edtica de Privacidad peri\u00f3dicamente para reflejar cambios en nuestras pr\u00e1cticas o por otras razones operativas, legales o reglamentarias.<\/span><\/p>\n<p><span><b>Contacte con nosotros<\/b><\/span><\/p>\n<p><span>Para m\u00e1s informaci\u00f3n sobre nuestras pr\u00e1cticas de privacidad, preguntas o quejas, p\u00f3ngase en contacto con nosotros por correo electr\u00f3nico en info@.<\/span>lifevac-canada.com.<\/p>\t\t\t\t\t\t\t\t<\/div>\n\t\t\t\t<\/div>\n\t\t\t\t\t<\/div>\n\t\t\t\t<\/div>\n\t\t\t\t<\/div>","protected":false},"excerpt":{"rendered":"<p>Pol\u00edtica de privacidad Esta Pol\u00edtica de privacidad explica c\u00f3mo se recopila, utiliza y comparte su informaci\u00f3n personal cuando visita o hace [...]<\/p>","protected":false},"author":1,"featured_media":0,"parent":0,"menu_order":0,"comment_status":"closed","ping_status":"closed","template":"","meta":{"inline_featured_image":false,"site-sidebar-layout":"default","site-content-layout":"","ast-site-content-layout":"full-width-container","site-content-style":"default","site-sidebar-style":"default","ast-global-header-display":"","ast-banner-title-visibility":"","ast-main-header-display":"","ast-hfb-above-header-display":"","ast-hfb-below-header-display":"","ast-hfb-mobile-header-display":"","site-post-title":"","ast-breadcrumbs-content":"","ast-featured-img":"","footer-sml-layout":"","theme-transparent-header-meta":"default","adv-header-id-meta":"","stick-header-meta":"","header-above-stick-meta":"","header-main-stick-meta":"","header-below-stick-meta":"","astra-migrate-meta-layouts":"set","ast-page-background-enabled":"default","ast-page-background-meta":{"desktop":{"background-color":"var(--ast-global-color-4)","background-image":"","background-repeat":"repeat","background-position":"center center","background-size":"auto","background-attachment":"scroll","background-type":"","background-media":"","overlay-type":"","overlay-color":"","overlay-gradient":""},"tablet":{"background-color":"","background-image":"","background-repeat":"repeat","background-position":"center center","background-size":"auto","background-attachment":"scroll","background-type":"","background-media":"","overlay-type":"","overlay-color":"","overlay-gradient":""},"mobile":{"background-color":"","background-image":"","background-repeat":"repeat","background-position":"center center","background-size":"auto","background-attachment":"scroll","background-type":"","background-media":"","overlay-type":"","overlay-color":"","overlay-gradient":""}},"ast-content-background-meta":{"desktop":{"background-color":"var(--ast-global-color-5)","background-image":"","background-repeat":"repeat","background-position":"center center","background-size":"auto","background-attachment":"scroll","background-type":"","background-media":"","overlay-type":"","overlay-color":"","overlay-gradient":""},"tablet":{"background-color":"var(--ast-global-color-5)","background-image":"","background-repeat":"repeat","background-position":"center center","background-size":"auto","background-attachment":"scroll","background-type":"","background-media":"","overlay-type":"","overlay-color":"","overlay-gradient":""},"mobile":{"background-color":"var(--ast-global-color-5)","background-image":"","background-repeat":"repeat","background-position":"center center","background-size":"auto","background-attachment":"scroll","background-type":"","background-media":"","overlay-type":"","overlay-color":"","overlay-gradient":""}},"footnotes":""},"_hostinger_reach_plugin_has_subscription_block":false,"_hostinger_reach_plugin_is_elementor":false,"_links":{"self":[{"href":"https:\/\/lifevac-canada.com\/es\/wp-json\/wp\/v2\/pages\/3"}],"collection":[{"href":"https:\/\/lifevac-canada.com\/es\/wp-json\/wp\/v2\/pages"}],"about":[{"href":"https:\/\/lifevac-canada.com\/es\/wp-json\/wp\/v2\/types\/page"}],"author":[{"embeddable":true,"href":"https:\/\/lifevac-canada.com\/es\/wp-json\/wp\/v2\/users\/1"}],"replies":[{"embeddable":true,"href":"https:\/\/lifevac-canada.com\/es\/wp-json\/wp\/v2\/comments?post=3"}],"version-history":[{"count":33,"href":"https:\/\/lifevac-canada.com\/es\/wp-json\/wp\/v2\/pages\/3\/revisions"}],"predecessor-version":[{"id":3845,"href":"https:\/\/lifevac-canada.com\/es\/wp-json\/wp\/v2\/pages\/3\/revisions\/3845"}],"wp:attachment":[{"href":"https:\/\/lifevac-canada.com\/es\/wp-json\/wp\/v2\/media?parent=3"}],"curies":[{"name":"wp","href":"https:\/\/api.w.org\/{rel}","templated":true}]}}